{"id":154,"date":"2018-09-22T09:12:15","date_gmt":"2018-09-22T09:12:15","guid":{"rendered":"http:\/\/themes.quitenicestuff2.com\/sohohotelwp\/demo3\/?page_id=154"},"modified":"2018-12-27T19:22:37","modified_gmt":"2018-12-27T19:22:37","slug":"iletisim","status":"publish","type":"page","link":"https:\/\/www.elithotelsaray.com\/en\/iletisim\/","title":{"rendered":"Contact"},"content":{"rendered":"<div class=\"vc_row wpb_row vc_row-fluid\"><div class=\"wpb_column vc_column_container vc_col-sm-6\"><div class=\"vc_column-inner\"><div class=\"wpb_wrapper\"><div class=\"sohohotel-title3 sohohotel-title-color\"><h4>Contact Us<\/h4><\/div>\n\t<div class=\"wpb_text_column wpb_content_element\" >\n\t\t<div class=\"wpb_wrapper\">\n\t\t\t<p>You can contact us via Elit Hotel Saray contact page. You can reach us by e-mail the fastest. Please enter your details completely.<\/p>\n\n\t\t<\/div>\n\t<\/div>\n<div role=\"form\" class=\"wpcf7\" id=\"wpcf7-f675-o1\" lang=\"en-US\" dir=\"ltr\">\n<div class=\"screen-reader-response\"><p role=\"status\" aria-live=\"polite\" aria-atomic=\"true\"><\/p> <ul><\/ul><\/div>\n<form action=\"\/en\/wp-json\/wp\/v2\/pages\/154#wpcf7-f675-o1\" method=\"post\" class=\"wpcf7-form init\" novalidate=\"novalidate\" data-status=\"init\" data-trp-original-action=\"\/en\/wp-json\/wp\/v2\/pages\/154#wpcf7-f675-o1\">\n<div style=\"display: none;\">\n<input type=\"hidden\" name=\"_wpcf7\" value=\"675\" \/>\n<input type=\"hidden\" name=\"_wpcf7_version\" value=\"5.5.3\" \/>\n<input type=\"hidden\" name=\"_wpcf7_locale\" value=\"en_US\" \/>\n<input type=\"hidden\" name=\"_wpcf7_unit_tag\" value=\"wpcf7-f675-o1\" \/>\n<input type=\"hidden\" name=\"_wpcf7_container_post\" value=\"0\" \/>\n<input type=\"hidden\" name=\"_wpcf7_posted_data_hash\" value=\"\" \/>\n<\/div>\n<p><label>Name Surname <span>*<\/span><\/label><span class=\"wpcf7-form-control-wrap your-name\"><input type=\"text\" name=\"your-name\" value=\"\" size=\"40\" class=\"wpcf7-form-control wpcf7-text wpcf7-validates-as-required\" aria-required=\"true\" aria-invalid=\"false\" \/><\/span><label>E-Mail <span>*<\/span><\/label><span class=\"wpcf7-form-control-wrap your-email\"><input type=\"email\" name=\"your-email\" value=\"\" size=\"40\" class=\"wpcf7-form-control wpcf7-text wpcf7-email wpcf7-validates-as-required wpcf7-validates-as-email\" aria-required=\"true\" aria-invalid=\"false\" \/><\/span><label>Subject<\/label><span class=\"wpcf7-form-control-wrap your-subject\"><input type=\"text\" name=\"your-subject\" value=\"\" size=\"40\" class=\"wpcf7-form-control wpcf7-text\" aria-invalid=\"false\" \/><\/span><label>Message <span>*<\/span><\/label><span class=\"wpcf7-form-control-wrap your-message\"><textarea name=\"your-message\" cols=\"40\" rows=\"10\" class=\"wpcf7-form-control wpcf7-textarea wpcf7-validates-as-required sohohotel-cf7-form1\" aria-required=\"true\" aria-invalid=\"false\"><\/textarea><\/span><input type=\"submit\" value=\"Send\" class=\"wpcf7-form-control has-spinner wpcf7-submit\" \/><\/p>\n<div class=\"wpcf7-response-output\" aria-hidden=\"true\"><\/div><input type=\"hidden\" name=\"trp-form-language\" value=\"en\"\/><\/form><\/div><div class=\"vc_empty_space\"   style=\"height: 40px\" ><span class=\"vc_empty_space_inner\"><\/span><\/div>\n<\/div><\/div><\/div><div class=\"wpb_column vc_column_container vc_col-sm-6\"><div class=\"vc_column-inner\"><div class=\"wpb_wrapper\"><div class=\"sohohotel-title3 sohohotel-title-color\"><h4>Contact \u0130nformation<\/h4><\/div><ul class=\"sohohotel-contact-details-list\"><li class=\"sohohotel-address clearfix\">Ayaspa\u015fa Mah. Mezarl\u0131k Cad. No:4 SARAY\/TEK\u0130RDA\u011e<\/li><li class=\"sohohotel-phone clearfix\">+90 (282) 768 23 78<\/li><li class=\"sohohotel-email clearfix\"><a href=\"mailto:info@elithotelsaray.com\">info@elithotelsaray.com<\/a><\/li><\/ul><div class=\"sohohotel-title3 sohohotel-title-color\"><h4>Social Media<\/h4><\/div><ul class=\"sohohotel-social-links sohohotel-clearfix\"><li><a href=\"#\" target=\"_blank\"><i class=\"fa fa-facebook\"><\/i><\/a><\/li><li><a href=\"#\" target=\"_blank\"><i class=\"fa fa-instagram\"><\/i><\/a><\/li><li><a href=\"#\" target=\"_blank\"><i class=\"fa fa-pinterest\"><\/i><\/a><\/li><li><a href=\"#\" target=\"_blank\"><i class=\"fa fa-twitter\"><\/i><\/a><\/li><li><a href=\"#\" target=\"_blank\"><i class=\"fa fa-youtube-play\"><\/i><\/a><\/li><\/ul><div class=\"vc_empty_space\"   style=\"height: 40px\" ><span class=\"vc_empty_space_inner\"><\/span><\/div>\n\t\n\t\t\n\t<div class=\"sohohotel-msg sohohotel-fail\">Please enter a valid Google Map API key in the theme options &quot;General&quot; section<\/div>\n\t<div class=\"vc_empty_space\"   style=\"height: 80px\" ><span class=\"vc_empty_space_inner\"><\/span><\/div>\n<\/div><\/div><\/div><\/div>","protected":false},"excerpt":{"rendered":"Bize Ula\u015f\u0131n Elit Hotel Saray ileti\u015fim sayfas\u0131 \u00fczerinden bizimle ileti\u015fime ge\u00e7ebilirsiniz. Bize en h\u0131zl\u0131 E-Posta yoluyla ula\u015fabilirsiniz. L\u00fctfen bilgilerinizi eksiksiz giriniz. \u0130sim Soyisim *E-Posta *KonuMesaj\u0131n\u0131z * \u0130leti\u015fim BilgileriAyaspa\u015fa Mah. Mezarl\u0131k Cad. No:4 SARAY\/TEK\u0130RDA\u011e+90 (282) 768 23 78info@elithotelsaray.comSosyal Medya Please enter a valid Google Map API key in the theme options &quot;General&quot; section<a href=\"https:\/\/www.elithotelsaray.com\/en\/iletisim\/\" class=\"sohohotel-more-link\">Read More<i class=\"fa fa-angle-right\"><\/i><\/a>","protected":false},"author":2,"featured_media":0,"parent":0,"menu_order":0,"comment_status":"closed","ping_status":"closed","template":"","meta":{"footnotes":""},"class_list":["post-154","page","type-page","status-publish","hentry"],"aioseo_notices":[],"_links":{"self":[{"href":"https:\/\/www.elithotelsaray.com\/en\/wp-json\/wp\/v2\/pages\/154","targetHints":{"allow":["GET"]}}],"collection":[{"href":"https:\/\/www.elithotelsaray.com\/en\/wp-json\/wp\/v2\/pages"}],"about":[{"href":"https:\/\/www.elithotelsaray.com\/en\/wp-json\/wp\/v2\/types\/page"}],"author":[{"embeddable":true,"href":"https:\/\/www.elithotelsaray.com\/en\/wp-json\/wp\/v2\/users\/2"}],"replies":[{"embeddable":true,"href":"https:\/\/www.elithotelsaray.com\/en\/wp-json\/wp\/v2\/comments?post=154"}],"version-history":[{"count":3,"href":"https:\/\/www.elithotelsaray.com\/en\/wp-json\/wp\/v2\/pages\/154\/revisions"}],"predecessor-version":[{"id":857,"href":"https:\/\/www.elithotelsaray.com\/en\/wp-json\/wp\/v2\/pages\/154\/revisions\/857"}],"wp:attachment":[{"href":"https:\/\/www.elithotelsaray.com\/en\/wp-json\/wp\/v2\/media?parent=154"}],"curies":[{"name":"wp","href":"https:\/\/api.w.org\/{rel}","templated":true}]}}