{"id":216,"date":"2018-09-24T06:28:02","date_gmt":"2018-09-24T06:28:02","guid":{"rendered":"http:\/\/themes.quitenicestuff2.com\/sohohotelwp\/demo3\/?page_id=216"},"modified":"2018-12-27T20:08:11","modified_gmt":"2018-12-27T20:08:11","slug":"galeri","status":"publish","type":"page","link":"https:\/\/www.elithotelsaray.com\/en\/galeri\/","title":{"rendered":"Galeri"},"content":{"rendered":"<div class=\"vc_row wpb_row vc_row-fluid\"><div class=\"wpb_column vc_column_container vc_col-sm-12\"><div class=\"vc_column-inner vc_custom_1537770283670\"><div class=\"wpb_wrapper\">\n\t<div class=\"wpb_text_column wpb_content_element\" >\n\t\t<div class=\"wpb_wrapper\">\n\t\t\t\n\t\t<div id='gallery-1' class='gallery galleryid-216 gallery-columns-3 gallery-size-thumbnail'><div class='gallery-item'><div class='gallery-icon'><a href=\"https:\/\/www.elithotelsaray.com\/wp-content\/uploads\/2018\/12\/DSC_5420-min.jpg\" data-gal=\"prettyPhoto[gallery-1]\" title=\"DSC_5420-min\"><img decoding=\"async\" src=\"https:\/\/www.elithotelsaray.com\/wp-content\/uploads\/2018\/12\/DSC_5420-min.jpg\" alt=\"\" \/><\/a><\/div><\/div><div class='gallery-item'><div class='gallery-icon'><a href=\"https:\/\/www.elithotelsaray.com\/wp-content\/uploads\/2018\/12\/DSC_5426-min.jpg\" data-gal=\"prettyPhoto[gallery-1]\" title=\"DSC_5426-min\"><img decoding=\"async\" src=\"https:\/\/www.elithotelsaray.com\/wp-content\/uploads\/2018\/12\/DSC_5426-min.jpg\" alt=\"\" \/><\/a><\/div><\/div><div class='gallery-item'><div class='gallery-icon'><a href=\"https:\/\/www.elithotelsaray.com\/wp-content\/uploads\/2018\/12\/DSC_5432-min.jpg\" data-gal=\"prettyPhoto[gallery-1]\" title=\"DSC_5432-min\"><img decoding=\"async\" src=\"https:\/\/www.elithotelsaray.com\/wp-content\/uploads\/2018\/12\/DSC_5432-min.jpg\" alt=\"\" \/><\/a><\/div><\/div><div class='gallery-item'><div class='gallery-icon'><a href=\"https:\/\/www.elithotelsaray.com\/wp-content\/uploads\/2018\/12\/DSC_5433-min.jpg\" data-gal=\"prettyPhoto[gallery-1]\" title=\"DSC_5433-min\"><img decoding=\"async\" src=\"https:\/\/www.elithotelsaray.com\/wp-content\/uploads\/2018\/12\/DSC_5433-min.jpg\" alt=\"\" \/><\/a><\/div><\/div><div class='gallery-item'><div class='gallery-icon'><a href=\"https:\/\/www.elithotelsaray.com\/wp-content\/uploads\/2018\/12\/DSC_5434-min.jpg\" data-gal=\"prettyPhoto[gallery-1]\" title=\"DSC_5434-min\"><img decoding=\"async\" src=\"https:\/\/www.elithotelsaray.com\/wp-content\/uploads\/2018\/12\/DSC_5434-min.jpg\" alt=\"\" \/><\/a><\/div><\/div><div class='gallery-item'><div class='gallery-icon'><a href=\"https:\/\/www.elithotelsaray.com\/wp-content\/uploads\/2018\/12\/DSC_5437-min.jpg\" data-gal=\"prettyPhoto[gallery-1]\" title=\"DSC_5437-min\"><img decoding=\"async\" src=\"https:\/\/www.elithotelsaray.com\/wp-content\/uploads\/2018\/12\/DSC_5437-min.jpg\" alt=\"\" \/><\/a><\/div><\/div><div class='gallery-item'><div class='gallery-icon'><a href=\"https:\/\/www.elithotelsaray.com\/wp-content\/uploads\/2018\/12\/DSC_5440-min.jpg\" data-gal=\"prettyPhoto[gallery-1]\" title=\"DSC_5440-min\"><img decoding=\"async\" src=\"https:\/\/www.elithotelsaray.com\/wp-content\/uploads\/2018\/12\/DSC_5440-min.jpg\" alt=\"\" \/><\/a><\/div><\/div><div class='gallery-item'><div class='gallery-icon'><a href=\"https:\/\/www.elithotelsaray.com\/wp-content\/uploads\/2018\/12\/DSC_5441-min.jpg\" data-gal=\"prettyPhoto[gallery-1]\" title=\"Elit Hotel Giri\u015f\"><img decoding=\"async\" src=\"https:\/\/www.elithotelsaray.com\/wp-content\/uploads\/2018\/12\/DSC_5441-min.jpg\" alt=\"\" \/><\/a><\/div>\n\t\t\t\t<div class='wp-caption-text gallery-caption'>\n\t\t\t\tGiri\u015f Resepsiyon\n\t\t\t\t<\/div><\/div><div class='gallery-item'><div class='gallery-icon'><a href=\"https:\/\/www.elithotelsaray.com\/wp-content\/uploads\/2018\/12\/DSC_5463-min.jpg\" data-gal=\"prettyPhoto[gallery-1]\" title=\"DSC_5463-min\"><img decoding=\"async\" src=\"https:\/\/www.elithotelsaray.com\/wp-content\/uploads\/2018\/12\/DSC_5463-min.jpg\" alt=\"\" \/><\/a><\/div><\/div><div class='gallery-item'><div class='gallery-icon'><a href=\"https:\/\/www.elithotelsaray.com\/wp-content\/uploads\/2018\/12\/DSC_5465-min.jpg\" data-gal=\"prettyPhoto[gallery-1]\" title=\"DSC_5465-min\"><img decoding=\"async\" src=\"https:\/\/www.elithotelsaray.com\/wp-content\/uploads\/2018\/12\/DSC_5465-min.jpg\" alt=\"\" \/><\/a><\/div><\/div><div class='gallery-item'><div class='gallery-icon'><a href=\"https:\/\/www.elithotelsaray.com\/wp-content\/uploads\/2018\/12\/DSC_5513-min.jpg\" data-gal=\"prettyPhoto[gallery-1]\" title=\"Elit Hotel Tabela\"><img decoding=\"async\" src=\"https:\/\/www.elithotelsaray.com\/wp-content\/uploads\/2018\/12\/DSC_5513-min.jpg\" alt=\"\" \/><\/a><\/div>\n\t\t\t\t<div class='wp-caption-text gallery-caption'>\n\t\t\t\tTabelam\u0131z\n\t\t\t\t<\/div><\/div><div class='gallery-item'><div class='gallery-icon'><a href=\"https:\/\/www.elithotelsaray.com\/wp-content\/uploads\/2018\/12\/DSC_5522-min.jpg\" data-gal=\"prettyPhoto[gallery-1]\" title=\"Elit Hotel Saray Bina\"><img decoding=\"async\" src=\"https:\/\/www.elithotelsaray.com\/wp-content\/uploads\/2018\/12\/DSC_5522-min.jpg\" alt=\"\" \/><\/a><\/div>\n\t\t\t\t<div class='wp-caption-text gallery-caption'>\n\t\t\t\tHotel Binas\u0131\n\t\t\t\t<\/div><\/div><div class='gallery-item'><div class='gallery-icon'><a href=\"https:\/\/www.elithotelsaray.com\/wp-content\/uploads\/2018\/12\/DSC_5530-min.jpg\" data-gal=\"prettyPhoto[gallery-1]\" title=\"Elit Hotel Saray \u00c7aydanl\u0131k\"><img decoding=\"async\" src=\"https:\/\/www.elithotelsaray.com\/wp-content\/uploads\/2018\/12\/DSC_5530-min.jpg\" alt=\"\" \/><\/a><\/div>\n\t\t\t\t<div class='wp-caption-text gallery-caption'>\n\t\t\t\tElit Saray\n\t\t\t\t<\/div><\/div><div class='gallery-item'><div class='gallery-icon'><a href=\"https:\/\/www.elithotelsaray.com\/wp-content\/uploads\/2018\/12\/Elit-Saray-Merdiven-1.jpg\" data-gal=\"prettyPhoto[gallery-1]\" title=\"Elit-Saray-Merdiven\"><img decoding=\"async\" src=\"https:\/\/www.elithotelsaray.com\/wp-content\/uploads\/2018\/12\/Elit-Saray-Merdiven-1.jpg\" alt=\"\" \/><\/a><\/div>\n\t\t\t\t<div class='wp-caption-text gallery-caption'>\n\t\t\t\tMerdiven\n\t\t\t\t<\/div><\/div>\n\t\t\t<br style='clear: both;' \/>\n\t\t<\/div>\n\n\n\t\t<\/div>\n\t<\/div>\n<\/div><\/div><\/div><\/div>","protected":false},"excerpt":{"rendered":"Giri\u015f Resepsiyon Tabelam\u0131z Hotel Binas\u0131 Elit Saray Merdiven<a href=\"https:\/\/www.elithotelsaray.com\/en\/galeri\/\" class=\"sohohotel-more-link\">Read More<i class=\"fa fa-angle-right\"><\/i><\/a>","protected":false},"author":2,"featured_media":0,"parent":0,"menu_order":0,"comment_status":"closed","ping_status":"closed","template":"","meta":{"footnotes":""},"class_list":["post-216","page","type-page","status-publish","hentry"],"aioseo_notices":[],"_links":{"self":[{"href":"https:\/\/www.elithotelsaray.com\/en\/wp-json\/wp\/v2\/pages\/216","targetHints":{"allow":["GET"]}}],"collection":[{"href":"https:\/\/www.elithotelsaray.com\/en\/wp-json\/wp\/v2\/pages"}],"about":[{"href":"https:\/\/www.elithotelsaray.com\/en\/wp-json\/wp\/v2\/types\/page"}],"author":[{"embeddable":true,"href":"https:\/\/www.elithotelsaray.com\/en\/wp-json\/wp\/v2\/users\/2"}],"replies":[{"embeddable":true,"href":"https:\/\/www.elithotelsaray.com\/en\/wp-json\/wp\/v2\/comments?post=216"}],"version-history":[{"count":2,"href":"https:\/\/www.elithotelsaray.com\/en\/wp-json\/wp\/v2\/pages\/216\/revisions"}],"predecessor-version":[{"id":892,"href":"https:\/\/www.elithotelsaray.com\/en\/wp-json\/wp\/v2\/pages\/216\/revisions\/892"}],"wp:attachment":[{"href":"https:\/\/www.elithotelsaray.com\/en\/wp-json\/wp\/v2\/media?parent=216"}],"curies":[{"name":"wp","href":"https:\/\/api.w.org\/{rel}","templated":true}]}}